{"id":3208,"date":"2015-08-03T09:42:14","date_gmt":"2015-08-03T09:42:14","guid":{"rendered":"https:\/\/renovation.thememove.com\/?page_id=27"},"modified":"2021-05-17T02:24:32","modified_gmt":"2021-05-16T23:24:32","slug":"contact-us","status":"publish","type":"page","link":"https:\/\/www.expressdekor.com\/en\/contact-us\/","title":{"rendered":"Contact Us"},"content":{"rendered":"<p>[vc_row full_width=&#8221;stretch_row_content_no_spaces&#8221; css=&#8221;.vc_custom_1439283223860{margin-top: -70px !important;margin-bottom: 60px !important;}&#8221;][vc_column][vc_raw_html]JTNDY2VudGVyJTNFJTNDaWZyYW1lJTIwc3JjJTNEJTIyaHR0cHMlM0ElMkYlMkZ3d3cuZ29vZ2xlLmNvbSUyRm1hcHMlMkZlbWJlZCUzRnBiJTNEJTIxMW0xNCUyMTFtOCUyMTFtMyUyMTFkMTIwNDEuNjI2MDMwNTQ5MTg5JTIxMmQyOC43ODYwMDE1JTIxM2Q0MS4wMTYzNjE2JTIxM20yJTIxMWkxMDI0JTIxMmk3NjglMjE0ZjEzLjElMjEzbTMlMjExbTIlMjExczB4MCUyNTNBMHhjNjFiZGRlYjJjMDM5Y2NhJTIxMnpSVmhRVWtWVFV5QkVSVXRQVWlBdElNU3d3NmNnVFdsdFlYSWdMQ0RFc01PbklFMXBiV0Z5Yk1TeGF5QlBabWx6YVElMjE1ZTAlMjEzbTIlMjExc3RyJTIxMnN0ciUyMTR2MTYxODUyNzUzNDY3NiUyMTVtMiUyMTFzdHIlMjEyc3RyJTIyJTIwd2lkdGglM0QlMjIxNDQzJTIyJTIwaGVpZ2h0JTNEJTIyNDMyJTIyJTIwc3R5bGUlM0QlMjJib3JkZXIlM0EwJTNCJTIyJTIwYWxsb3dmdWxsc2NyZWVuJTNEJTIyJTIyJTIwbG9hZGluZyUzRCUyMmxhenklMjIlM0UlM0MlMkZpZnJhbWUlM0UlM0MlMkZjZW50ZXIlM0U=[\/vc_raw_html][\/vc_column][\/vc_row][vc_row el_class=&#8221;middle&#8221;][vc_column width=&#8221;7\/12&#8243; css=&#8221;.vc_custom_1439284637584{margin-bottom: 20px !important;}&#8221;][vc_custom_heading text=&#8221;Send us a message&#8221; font_container=&#8221;tag:h2|font_size:36|text_align:left|color:%231d2634&#8243; el_class=&#8221;heading-title&#8221; css=&#8221;.vc_custom_1620735673451{margin-bottom: 35px !important;}&#8221;][vc_column_text]If you want to contact us quickly, write your information in the form below and send it. We&#8217;ll call you shortly! :)[\/vc_column_text]<div role=\"form\" class=\"wpcf7\" id=\"wpcf7-f2578-o1\" lang=\"en-US\" dir=\"ltr\">\n<div class=\"screen-reader-response\"><p role=\"status\" aria-live=\"polite\" aria-atomic=\"true\"><\/p> <ul><\/ul><\/div>\n<form action=\"\/en\/wp-json\/wp\/v2\/pages\/3208#wpcf7-f2578-o1\" method=\"post\" class=\"wpcf7-form init\" novalidate=\"novalidate\" data-status=\"init\">\n<div style=\"display: none;\">\n<input type=\"hidden\" name=\"_wpcf7\" value=\"2578\" \/>\n<input type=\"hidden\" name=\"_wpcf7_version\" value=\"5.4.1\" \/>\n<input type=\"hidden\" name=\"_wpcf7_locale\" value=\"en_US\" \/>\n<input type=\"hidden\" name=\"_wpcf7_unit_tag\" value=\"wpcf7-f2578-o1\" \/>\n<input type=\"hidden\" name=\"_wpcf7_container_post\" value=\"0\" \/>\n<input type=\"hidden\" name=\"_wpcf7_posted_data_hash\" value=\"\" \/>\n<\/div>\n<div class=\"form2\">\n<div class=\"row\">\n<div class=\"col-sm-6\">\n      <span class=\"wpcf7-form-control-wrap your-name\"><input type=\"text\" name=\"your-name\" value=\"\" size=\"40\" class=\"wpcf7-form-control wpcf7-text wpcf7-validates-as-required\" aria-required=\"true\" aria-invalid=\"false\" placeholder=\"Name and Surname\" \/><\/span>\n    <\/div>\n<div class=\"col-sm-6\">\n      <span class=\"wpcf7-form-control-wrap your-phone\"><input type=\"text\" name=\"your-phone\" value=\"\" size=\"40\" class=\"wpcf7-form-control wpcf7-text\" aria-invalid=\"false\" placeholder=\"Phone Number\" \/><\/span>\n    <\/div>\n<div class=\"col-sm-12\">\n      <span class=\"wpcf7-form-control-wrap your-email\"><input type=\"email\" name=\"your-email\" value=\"\" size=\"40\" class=\"wpcf7-form-control wpcf7-text wpcf7-email wpcf7-validates-as-required wpcf7-validates-as-email\" aria-required=\"true\" aria-invalid=\"false\" placeholder=\"Email Address\" \/><\/span>\n    <\/div>\n<div class=\"col-sm-12\">\n      <span class=\"wpcf7-form-control-wrap your-message\"><textarea name=\"your-message\" cols=\"40\" rows=\"10\" class=\"wpcf7-form-control wpcf7-textarea\" aria-invalid=\"false\" placeholder=\"Message\"><\/textarea><\/span>\n    <\/div>\n<div class=\"col-sm-12\">\n      <input type=\"submit\" value=\"Submit\" class=\"wpcf7-form-control wpcf7-submit\" \/>\n    <\/div>\n<\/div>\n<\/div>\n<div class=\"wpcf7-response-output\" aria-hidden=\"true\"><\/div><\/form><\/div>[\/vc_column][vc_column width=&#8221;1\/12&#8243; offset=&#8221;vc_hidden-md vc_hidden-sm vc_hidden-xs&#8221;][\/vc_column][vc_column width=&#8221;5\/12&#8243; css=&#8221;.vc_custom_1441598493189{padding-top: 40px !important;padding-right: 30px !important;padding-bottom: 40px !important;padding-left: 30px !important;background-color: #111111 !important;}&#8221; el_class=&#8221;call-us&#8221; offset=&#8221;vc_col-lg-4 vc_col-md-5&#8243;][vc_custom_heading text=&#8221;Very easy to reach us&#8221; font_container=&#8221;tag:h2|font_size:24|text_align:left|color:%23ffffff&#8221; css=&#8221;.vc_custom_1620735698365{margin-bottom: 40px !important;}&#8221;][vc_row_inner css=&#8221;.vc_custom_1439286368617{margin-bottom: 20px !important;}&#8221;][vc_column_inner width=&#8221;1\/6&#8243; offset=&#8221;vc_col-xs-2&#8243;][thememove_icon icon_fontawesome=&#8221;fa fa-phone&#8221; font_size=&#8221;18&#8243; font_color=&#8221;#111111&#8243;][\/vc_column_inner][vc_column_inner width=&#8221;5\/6&#8243; offset=&#8221;vc_col-xs-10&#8243;][vc_custom_heading text=&#8221;+90 212 470 88 85&#8243; font_container=&#8221;tag:h2|font_size:20|text_align:left|color:%23ffffff&#8221;][vc_custom_heading text=&#8221;our number&#8221; font_container=&#8221;tag:p|font_size:14|text_align:left|color:%23ffffff&#8221;][\/vc_column_inner][\/vc_row_inner][vc_row_inner css=&#8221;.vc_custom_1439286368617{margin-bottom: 20px !important;}&#8221;][vc_column_inner width=&#8221;1\/6&#8243; offset=&#8221;vc_col-xs-2&#8243;][thememove_icon icon_fontawesome=&#8221;fa fa-phone&#8221; font_size=&#8221;18&#8243; font_color=&#8221;#111111&#8243;][\/vc_column_inner][vc_column_inner width=&#8221;5\/6&#8243; offset=&#8221;vc_col-xs-10&#8243;][vc_custom_heading text=&#8221;info@expressdekor.com&#8221; font_container=&#8221;tag:h2|font_size:20|text_align:left|color:%23ffffff&#8221;][vc_custom_heading text=&#8221;our email address&#8221; font_container=&#8221;tag:p|font_size:14|text_align:left|color:%23ffffff&#8221;][\/vc_column_inner][\/vc_row_inner][vc_row_inner][vc_column_inner width=&#8221;1\/6&#8243; offset=&#8221;vc_col-xs-2&#8243;][thememove_icon icon_fontawesome=&#8221;fa fa-home&#8221; font_size=&#8221;18&#8243; font_color=&#8221;#111111&#8243;][\/vc_column_inner][vc_column_inner width=&#8221;5\/6&#8243; offset=&#8221;vc_col-xs-10&#8243;][vc_custom_heading text=&#8221;S\u00f6\u011f\u00fctl\u00fc\u00e7e\u015fme Mh. Fevzi \u00c7akmak Cd. No:31&#8243; font_container=&#8221;tag:h2|font_size:20|text_align:left|color:%23ffffff&#8221;][vc_custom_heading text=&#8221;K\u00fc\u00e7\u00fck\u00e7ekmece &#8211; \u0130STANBUL&#8221; font_container=&#8221;tag:p|font_size:14|text_align:left|color:%23ffffff&#8221;][\/vc_column_inner][\/vc_row_inner][\/vc_column][\/vc_row][vc_row full_width=&#8221;stretch_row&#8221; el_class=&#8221;be-a-piece-of-us middle&#8221; css=&#8221;.vc_custom_1439191711650{margin-bottom: 0px !important;padding-top: 65px !important;padding-bottom: 68px !important;background-color: #eeeeee !important;}&#8221;][vc_column width=&#8221;1\/12&#8243; el_class=&#8221;center&#8221;][thememove_icon icon_fontawesome=&#8221;fa fa-users&#8221; font_size=&#8221;26&#8243; font_color=&#8221;#111111&#8243;][\/vc_column][vc_column width=&#8221;2\/3&#8243; el_class=&#8221;center-xs start-sm&#8221;][vc_custom_heading text=&#8221;Do you want our to call you ?&#8221; font_container=&#8221;tag:h2|font_size:32|text_align:left|color:%231d2736&#8243;][vc_column_text]If you need help with anything, type your number by clicking on the button on the side and we&#8217;ll call you right away![\/vc_column_text][\/vc_column][vc_column width=&#8221;1\/4&#8243; el_class=&#8221;center&#8221;][thememove_button text=&#8221;CLICK FOR NUMBER&#8221; link=&#8221;url:https%3A%2F%2Fwww.expressdekor.com%2Fen%2Flet-us-call-you%2F&#8221;][\/vc_column][\/vc_row]<\/p>\n","protected":false},"excerpt":{"rendered":"<p>[vc_row full_width=&#8221;stretch_row_content_no_spaces&#8221; css=&#8221;.vc_custom_1439283223860{margin-top: -70px !important;margin-bottom: 60px !important;}&#8221;][vc_column][vc_raw_html]JTNDY2VudGVyJTNFJTNDaWZyYW1lJTIwc3JjJTNEJTIyaHR0cHMlM0ElMkYlMkZ3d3cuZ29vZ2xlLmNvbSUyRm1hcHMlMkZlbWJlZCUzRnBiJTNEJTIxMW0xNCUyMTFtOCUyMTFtMyUyMTFkMTIwNDEuNjI2MDMwNTQ5MTg5JTIxMmQyOC43ODYwMDE1JTIxM2Q0MS4wMTYzNjE2JTIxM20yJTIxMWkxMDI0JTIxMmk3NjglMjE0ZjEzLjElMjEzbTMlMjExbTIlMjExczB4MCUyNTNBMHhjNjFiZGRlYjJjMDM5Y2NhJTIxMnpSVmhRVWtWVFV5QkVSVXRQVWlBdElNU3d3NmNnVFdsdFlYSWdMQ0RFc01PbklFMXBiV0Z5Yk1TeGF5QlBabWx6YVElMjE1ZTAlMjEzbTIlMjExc3RyJTIxMnN0ciUyMTR2MTYxODUyNzUzNDY3NiUyMTVtMiUyMTFzdHIlMjEyc3RyJTIyJTIwd2lkdGglM0QlMjIxNDQzJTIyJTIwaGVpZ2h0JTNEJTIyNDMyJTIyJTIwc3R5bGUlM0QlMjJib3JkZXIlM0EwJTNCJTIyJTIwYWxsb3dmdWxsc2NyZWVuJTNEJTIyJTIyJTIwbG9hZGluZyUzRCUyMmxhenklMjIlM0UlM0MlMkZpZnJhbWUlM0UlM0MlMkZjZW50ZXIlM0U=[\/vc_raw_html][\/vc_column][\/vc_row][vc_row el_class=&#8221;middle&#8221;][vc_column width=&#8221;7\/12&#8243; css=&#8221;.vc_custom_1439284637584{margin-bottom: 20px !important;}&#8221;][vc_custom_heading text=&#8221;Send us a message&#8221; font_container=&#8221;tag:h2|font_size:36|text_align:left|color:%231d2634&#8243; el_class=&#8221;heading-title&#8221; css=&#8221;.vc_custom_1620735673451{margin-bottom: 35px !important;}&#8221;][vc_column_text]If you want to contact us quickly, write your information in the form below and send it. We&#8217;ll call you shortly! :)[\/vc_column_text][\/vc_column][vc_column width=&#8221;1\/12&#8243; offset=&#8221;vc_hidden-md vc_hidden-sm vc_hidden-xs&#8221;][\/vc_column][vc_column width=&#8221;5\/12&#8243; css=&#8221;.vc_custom_1441598493189{padding-top: 40px !important;padding-right: 30px !important;padding-bottom: 40px !important;padding-left: 30px [&hellip;]<\/p>\n","protected":false},"author":1,"featured_media":0,"parent":0,"menu_order":0,"comment_status":"open","ping_status":"closed","template":"","meta":{"footnotes":""},"class_list":["post-3208","page","type-page","status-publish","hentry"],"_links":{"self":[{"href":"https:\/\/www.expressdekor.com\/en\/wp-json\/wp\/v2\/pages\/3208","targetHints":{"allow":["GET"]}}],"collection":[{"href":"https:\/\/www.expressdekor.com\/en\/wp-json\/wp\/v2\/pages"}],"about":[{"href":"https:\/\/www.expressdekor.com\/en\/wp-json\/wp\/v2\/types\/page"}],"author":[{"embeddable":true,"href":"https:\/\/www.expressdekor.com\/en\/wp-json\/wp\/v2\/users\/1"}],"replies":[{"embeddable":true,"href":"https:\/\/www.expressdekor.com\/en\/wp-json\/wp\/v2\/comments?post=3208"}],"version-history":[{"count":14,"href":"https:\/\/www.expressdekor.com\/en\/wp-json\/wp\/v2\/pages\/3208\/revisions"}],"predecessor-version":[{"id":3531,"href":"https:\/\/www.expressdekor.com\/en\/wp-json\/wp\/v2\/pages\/3208\/revisions\/3531"}],"wp:attachment":[{"href":"https:\/\/www.expressdekor.com\/en\/wp-json\/wp\/v2\/media?parent=3208"}],"curies":[{"name":"wp","href":"https:\/\/api.w.org\/{rel}","templated":true}]}}